{"id":119,"date":"2020-10-05T17:41:10","date_gmt":"2020-10-05T22:41:10","guid":{"rendered":"http:\/\/www.trmanagementsac.com\/inicio\/?page_id=119"},"modified":"2021-12-08T13:24:28","modified_gmt":"2021-12-08T18:24:28","slug":"servicios-digitales","status":"publish","type":"page","link":"https:\/\/www.trmanagementsac.com\/inicio\/servicios-digitales\/","title":{"rendered":"Servicios Digitales"},"content":{"rendered":"\t\t<div data-elementor-type=\"wp-page\" data-elementor-id=\"119\" class=\"elementor elementor-119\">\n\t\t\t\t\t\t<section class=\"elementor-section elementor-top-section elementor-element elementor-element-37a2a5d elementor-section-boxed elementor-section-height-default elementor-section-height-default\" data-id=\"37a2a5d\" data-element_type=\"section\">\n\t\t\t\t\t\t<div class=\"elementor-container elementor-column-gap-default\">\n\t\t\t\t\t<div class=\"elementor-column elementor-col-100 elementor-top-column elementor-element elementor-element-f3c49d2\" data-id=\"f3c49d2\" data-element_type=\"column\">\n\t\t\t<div class=\"elementor-widget-wrap elementor-element-populated\">\n\t\t\t\t\t\t<div class=\"elementor-element elementor-element-0413698 elementor-widget elementor-widget-text-editor\" data-id=\"0413698\" data-element_type=\"widget\" data-widget_type=\"text-editor.default\">\n\t\t\t\t<div class=\"elementor-widget-container\">\n\t\t\t\t\t\t\t\t\tImplementamos nuevas formas de trabajo mediante la virtualizaci\u00f3n de procesos desarrollando plataformas y softwares de gesti\u00f3n. Adem\u00e1s, desarrollamos sitios web a tu medida con Gestor de Contenidos totalmente administrables.\t\t\t\t\t\t\t\t<\/div>\n\t\t\t\t<\/div>\n\t\t\t\t\t<\/div>\n\t\t<\/div>\n\t\t\t\t\t<\/div>\n\t\t<\/section>\n\t\t\t\t<section class=\"elementor-section elementor-top-section elementor-element elementor-element-ceccc98 elementor-section-boxed elementor-section-height-default elementor-section-height-default\" data-id=\"ceccc98\" data-element_type=\"section\" data-settings=\"{&quot;background_background&quot;:&quot;classic&quot;}\">\n\t\t\t\t\t\t<div class=\"elementor-container elementor-column-gap-default\">\n\t\t\t\t\t<div class=\"elementor-column elementor-col-100 elementor-top-column elementor-element elementor-element-380f69b\" data-id=\"380f69b\" data-element_type=\"column\">\n\t\t\t<div class=\"elementor-widget-wrap elementor-element-populated\">\n\t\t\t\t\t\t<section class=\"elementor-section elementor-inner-section elementor-element elementor-element-c700abc elementor-section-boxed elementor-section-height-default elementor-section-height-default\" data-id=\"c700abc\" data-element_type=\"section\">\n\t\t\t\t\t\t<div class=\"elementor-container elementor-column-gap-default\">\n\t\t\t\t\t<div class=\"elementor-column elementor-col-50 elementor-inner-column elementor-element elementor-element-8c3900a\" data-id=\"8c3900a\" data-element_type=\"column\">\n\t\t\t<div class=\"elementor-widget-wrap elementor-element-populated\">\n\t\t\t\t\t\t<div class=\"elementor-element elementor-element-9ab6e53 elementor-widget elementor-widget-image\" data-id=\"9ab6e53\" data-element_type=\"widget\" data-widget_type=\"image.default\">\n\t\t\t\t<div class=\"elementor-widget-container\">\n\t\t\t\t\t\t\t\t\t\t\t\t\t\t\t<img fetchpriority=\"high\" decoding=\"async\" width=\"1024\" height=\"683\" src=\"https:\/\/www.trmanagementsac.com\/inicio\/wp-content\/uploads\/2021\/12\/diseno_web_01-1024x683.jpg\" class=\"attachment-large size-large wp-image-1065\" alt=\"\" srcset=\"https:\/\/www.trmanagementsac.com\/inicio\/wp-content\/uploads\/2021\/12\/diseno_web_01-1024x683.jpg 1024w, https:\/\/www.trmanagementsac.com\/inicio\/wp-content\/uploads\/2021\/12\/diseno_web_01-400x267.jpg 400w, https:\/\/www.trmanagementsac.com\/inicio\/wp-content\/uploads\/2021\/12\/diseno_web_01-768x512.jpg 768w, https:\/\/www.trmanagementsac.com\/inicio\/wp-content\/uploads\/2021\/12\/diseno_web_01-1536x1024.jpg 1536w, https:\/\/www.trmanagementsac.com\/inicio\/wp-content\/uploads\/2021\/12\/diseno_web_01-2048x1365.jpg 2048w, https:\/\/www.trmanagementsac.com\/inicio\/wp-content\/uploads\/2021\/12\/diseno_web_01-920x613.jpg 920w, https:\/\/www.trmanagementsac.com\/inicio\/wp-content\/uploads\/2021\/12\/diseno_web_01-230x153.jpg 230w, https:\/\/www.trmanagementsac.com\/inicio\/wp-content\/uploads\/2021\/12\/diseno_web_01-350x233.jpg 350w, https:\/\/www.trmanagementsac.com\/inicio\/wp-content\/uploads\/2021\/12\/diseno_web_01-480x320.jpg 480w\" sizes=\"(max-width: 1024px) 100vw, 1024px\" \/>\t\t\t\t\t\t\t\t\t\t\t\t\t\t\t<\/div>\n\t\t\t\t<\/div>\n\t\t\t\t\t<\/div>\n\t\t<\/div>\n\t\t\t\t<div class=\"elementor-column elementor-col-50 elementor-inner-column elementor-element elementor-element-8807cd8\" data-id=\"8807cd8\" data-element_type=\"column\">\n\t\t\t<div class=\"elementor-widget-wrap elementor-element-populated\">\n\t\t\t\t\t\t<div class=\"elementor-element elementor-element-b53f654 elementor-widget elementor-widget-heading\" data-id=\"b53f654\" data-element_type=\"widget\" data-widget_type=\"heading.default\">\n\t\t\t\t<div class=\"elementor-widget-container\">\n\t\t\t\t\t<h2 class=\"elementor-heading-title elementor-size-default\">Dise\u00f1o de Sitios Web<\/h2>\t\t\t\t<\/div>\n\t\t\t\t<\/div>\n\t\t\t\t<div class=\"elementor-element elementor-element-96a9f37 elementor-widget elementor-widget-text-editor\" data-id=\"96a9f37\" data-element_type=\"widget\" data-widget_type=\"text-editor.default\">\n\t\t\t\t<div class=\"elementor-widget-container\">\n\t\t\t\t\t\t\t\t\t<p>P\u00e1ginas con dise\u00f1o responsivo que cumplen con atraer, seducir y mantener la confianza de la navegaci\u00f3n de los usuarios. Se desarrollan a medida o con plantillas, poseyendo un Sistema para administrar tus contenidos (fotos, texto, videos, etc) de manera sencilla.<\/p>\t\t\t\t\t\t\t\t<\/div>\n\t\t\t\t<\/div>\n\t\t\t\t\t<\/div>\n\t\t<\/div>\n\t\t\t\t\t<\/div>\n\t\t<\/section>\n\t\t\t\t<div class=\"elementor-element elementor-element-fba693c elementor-widget elementor-widget-spacer\" data-id=\"fba693c\" data-element_type=\"widget\" data-widget_type=\"spacer.default\">\n\t\t\t\t<div class=\"elementor-widget-container\">\n\t\t\t\t\t\t\t<div class=\"elementor-spacer\">\n\t\t\t<div class=\"elementor-spacer-inner\"><\/div>\n\t\t<\/div>\n\t\t\t\t\t\t<\/div>\n\t\t\t\t<\/div>\n\t\t\t\t<section class=\"elementor-section elementor-inner-section elementor-element elementor-element-979a494 elementor-section-boxed elementor-section-height-default elementor-section-height-default\" data-id=\"979a494\" data-element_type=\"section\">\n\t\t\t\t\t\t<div class=\"elementor-container elementor-column-gap-default\">\n\t\t\t\t\t<div class=\"elementor-column elementor-col-50 elementor-inner-column elementor-element elementor-element-4181232\" data-id=\"4181232\" data-element_type=\"column\">\n\t\t\t<div class=\"elementor-widget-wrap elementor-element-populated\">\n\t\t\t\t\t\t<div class=\"elementor-element elementor-element-6010616 elementor-widget elementor-widget-image\" data-id=\"6010616\" data-element_type=\"widget\" data-widget_type=\"image.default\">\n\t\t\t\t<div class=\"elementor-widget-container\">\n\t\t\t\t\t\t\t\t\t\t\t\t\t\t\t<img decoding=\"async\" width=\"1024\" height=\"683\" src=\"https:\/\/www.trmanagementsac.com\/inicio\/wp-content\/uploads\/2021\/12\/serv_02-1024x683.jpg\" class=\"attachment-large size-large wp-image-1067\" alt=\"\" srcset=\"https:\/\/www.trmanagementsac.com\/inicio\/wp-content\/uploads\/2021\/12\/serv_02-1024x683.jpg 1024w, https:\/\/www.trmanagementsac.com\/inicio\/wp-content\/uploads\/2021\/12\/serv_02-400x267.jpg 400w, https:\/\/www.trmanagementsac.com\/inicio\/wp-content\/uploads\/2021\/12\/serv_02-768x512.jpg 768w, https:\/\/www.trmanagementsac.com\/inicio\/wp-content\/uploads\/2021\/12\/serv_02-1536x1024.jpg 1536w, https:\/\/www.trmanagementsac.com\/inicio\/wp-content\/uploads\/2021\/12\/serv_02-2048x1365.jpg 2048w, https:\/\/www.trmanagementsac.com\/inicio\/wp-content\/uploads\/2021\/12\/serv_02-920x613.jpg 920w, https:\/\/www.trmanagementsac.com\/inicio\/wp-content\/uploads\/2021\/12\/serv_02-230x153.jpg 230w, https:\/\/www.trmanagementsac.com\/inicio\/wp-content\/uploads\/2021\/12\/serv_02-350x233.jpg 350w, https:\/\/www.trmanagementsac.com\/inicio\/wp-content\/uploads\/2021\/12\/serv_02-480x320.jpg 480w\" sizes=\"(max-width: 1024px) 100vw, 1024px\" \/>\t\t\t\t\t\t\t\t\t\t\t\t\t\t\t<\/div>\n\t\t\t\t<\/div>\n\t\t\t\t\t<\/div>\n\t\t<\/div>\n\t\t\t\t<div class=\"elementor-column elementor-col-50 elementor-inner-column elementor-element elementor-element-19ad6a7\" data-id=\"19ad6a7\" data-element_type=\"column\">\n\t\t\t<div class=\"elementor-widget-wrap elementor-element-populated\">\n\t\t\t\t\t\t<div class=\"elementor-element elementor-element-d000735 elementor-widget elementor-widget-heading\" data-id=\"d000735\" data-element_type=\"widget\" data-widget_type=\"heading.default\">\n\t\t\t\t<div class=\"elementor-widget-container\">\n\t\t\t\t\t<h2 class=\"elementor-heading-title elementor-size-default\">Desarrollo de Plataformas<\/h2>\t\t\t\t<\/div>\n\t\t\t\t<\/div>\n\t\t\t\t<div class=\"elementor-element elementor-element-16867fb elementor-widget elementor-widget-text-editor\" data-id=\"16867fb\" data-element_type=\"widget\" data-widget_type=\"text-editor.default\">\n\t\t\t\t<div class=\"elementor-widget-container\">\n\t\t\t\t\t\t\t\t\t<p>Sistemas con automatizaci\u00f3n de procesos comerciales y log\u00edsticos para mejorar el rendimiento de tu equipo de trabajo. Desarrollamos Sistemas Orientados en el Cliente (CRM), tiendas virtuales (E-Commerce) y Aulas virtuales (E-learning).<\/p>\t\t\t\t\t\t\t\t<\/div>\n\t\t\t\t<\/div>\n\t\t\t\t\t<\/div>\n\t\t<\/div>\n\t\t\t\t\t<\/div>\n\t\t<\/section>\n\t\t\t\t<div class=\"elementor-element elementor-element-43ebc14 elementor-widget elementor-widget-spacer\" data-id=\"43ebc14\" data-element_type=\"widget\" data-widget_type=\"spacer.default\">\n\t\t\t\t<div class=\"elementor-widget-container\">\n\t\t\t\t\t\t\t<div class=\"elementor-spacer\">\n\t\t\t<div class=\"elementor-spacer-inner\"><\/div>\n\t\t<\/div>\n\t\t\t\t\t\t<\/div>\n\t\t\t\t<\/div>\n\t\t\t\t<section class=\"elementor-section elementor-inner-section elementor-element elementor-element-3cfac5e elementor-section-boxed elementor-section-height-default elementor-section-height-default\" data-id=\"3cfac5e\" data-element_type=\"section\">\n\t\t\t\t\t\t<div class=\"elementor-container elementor-column-gap-default\">\n\t\t\t\t\t<div class=\"elementor-column elementor-col-50 elementor-inner-column elementor-element elementor-element-ad3031d\" data-id=\"ad3031d\" data-element_type=\"column\">\n\t\t\t<div class=\"elementor-widget-wrap elementor-element-populated\">\n\t\t\t\t\t\t<div class=\"elementor-element elementor-element-d94bd09 elementor-widget elementor-widget-image\" data-id=\"d94bd09\" data-element_type=\"widget\" data-widget_type=\"image.default\">\n\t\t\t\t<div class=\"elementor-widget-container\">\n\t\t\t\t\t\t\t\t\t\t\t\t\t\t\t<img decoding=\"async\" width=\"1024\" height=\"685\" src=\"https:\/\/www.trmanagementsac.com\/inicio\/wp-content\/uploads\/2021\/12\/serv_03-1024x685.jpg\" class=\"attachment-large size-large wp-image-1068\" alt=\"\" srcset=\"https:\/\/www.trmanagementsac.com\/inicio\/wp-content\/uploads\/2021\/12\/serv_03-1024x685.jpg 1024w, https:\/\/www.trmanagementsac.com\/inicio\/wp-content\/uploads\/2021\/12\/serv_03-400x268.jpg 400w, https:\/\/www.trmanagementsac.com\/inicio\/wp-content\/uploads\/2021\/12\/serv_03-768x514.jpg 768w, https:\/\/www.trmanagementsac.com\/inicio\/wp-content\/uploads\/2021\/12\/serv_03-1536x1028.jpg 1536w, https:\/\/www.trmanagementsac.com\/inicio\/wp-content\/uploads\/2021\/12\/serv_03-2048x1370.jpg 2048w, https:\/\/www.trmanagementsac.com\/inicio\/wp-content\/uploads\/2021\/12\/serv_03-920x616.jpg 920w, https:\/\/www.trmanagementsac.com\/inicio\/wp-content\/uploads\/2021\/12\/serv_03-230x154.jpg 230w, https:\/\/www.trmanagementsac.com\/inicio\/wp-content\/uploads\/2021\/12\/serv_03-350x234.jpg 350w, https:\/\/www.trmanagementsac.com\/inicio\/wp-content\/uploads\/2021\/12\/serv_03-480x321.jpg 480w\" sizes=\"(max-width: 1024px) 100vw, 1024px\" \/>\t\t\t\t\t\t\t\t\t\t\t\t\t\t\t<\/div>\n\t\t\t\t<\/div>\n\t\t\t\t\t<\/div>\n\t\t<\/div>\n\t\t\t\t<div class=\"elementor-column elementor-col-50 elementor-inner-column elementor-element elementor-element-7a15921\" data-id=\"7a15921\" data-element_type=\"column\">\n\t\t\t<div class=\"elementor-widget-wrap elementor-element-populated\">\n\t\t\t\t\t\t<div class=\"elementor-element elementor-element-0aaecb5 elementor-widget elementor-widget-heading\" data-id=\"0aaecb5\" data-element_type=\"widget\" data-widget_type=\"heading.default\">\n\t\t\t\t<div class=\"elementor-widget-container\">\n\t\t\t\t\t<h2 class=\"elementor-heading-title elementor-size-default\">Transformaci\u00f3n Digital\u200b<\/h2>\t\t\t\t<\/div>\n\t\t\t\t<\/div>\n\t\t\t\t<div class=\"elementor-element elementor-element-d690ed4 elementor-widget elementor-widget-text-editor\" data-id=\"d690ed4\" data-element_type=\"widget\" data-widget_type=\"text-editor.default\">\n\t\t\t\t<div class=\"elementor-widget-container\">\n\t\t\t\t\t\t\t\t\t<p>Aplicaci\u00f3n de estrategias siguiendo los c\u00e1nones y el conocimiento de Marketing Global, publicidad y uso de las herramientas de Marketing digital en plataformas web para realizar Marketing Manager, Social Media Marketing y Posicionamiento (SEO).<\/p>\t\t\t\t\t\t\t\t<\/div>\n\t\t\t\t<\/div>\n\t\t\t\t\t<\/div>\n\t\t<\/div>\n\t\t\t\t\t<\/div>\n\t\t<\/section>\n\t\t\t\t\t<\/div>\n\t\t<\/div>\n\t\t\t\t\t<\/div>\n\t\t<\/section>\n\t\t\t\t<\/div>\n\t\t","protected":false},"excerpt":{"rendered":"<p>Implementamos nuevas formas de trabajo mediante la virtualizaci\u00f3n de procesos desarrollando plataformas y softwares de gesti\u00f3n. Adem\u00e1s, desarrollamos sitios web a tu [&hellip;]<\/p>\n","protected":false},"author":1,"featured_media":0,"parent":0,"menu_order":0,"comment_status":"closed","ping_status":"closed","template":"page-templates\/page_fullwidth.php","meta":{"footnotes":""},"class_list":["post-119","page","type-page","status-publish","hentry"],"_links":{"self":[{"href":"https:\/\/www.trmanagementsac.com\/inicio\/wp-json\/wp\/v2\/pages\/119","targetHints":{"allow":["GET"]}}],"collection":[{"href":"https:\/\/www.trmanagementsac.com\/inicio\/wp-json\/wp\/v2\/pages"}],"about":[{"href":"https:\/\/www.trmanagementsac.com\/inicio\/wp-json\/wp\/v2\/types\/page"}],"author":[{"embeddable":true,"href":"https:\/\/www.trmanagementsac.com\/inicio\/wp-json\/wp\/v2\/users\/1"}],"replies":[{"embeddable":true,"href":"https:\/\/www.trmanagementsac.com\/inicio\/wp-json\/wp\/v2\/comments?post=119"}],"version-history":[{"count":174,"href":"https:\/\/www.trmanagementsac.com\/inicio\/wp-json\/wp\/v2\/pages\/119\/revisions"}],"predecessor-version":[{"id":1071,"href":"https:\/\/www.trmanagementsac.com\/inicio\/wp-json\/wp\/v2\/pages\/119\/revisions\/1071"}],"wp:attachment":[{"href":"https:\/\/www.trmanagementsac.com\/inicio\/wp-json\/wp\/v2\/media?parent=119"}],"curies":[{"name":"wp","href":"https:\/\/api.w.org\/{rel}","templated":true}]}}