{"id":615,"date":"2019-10-25T09:50:44","date_gmt":"2019-10-25T14:50:44","guid":{"rendered":"http:\/\/demo.athemes.com\/sydney-redesign\/?page_id=13"},"modified":"2021-12-08T12:58:02","modified_gmt":"2021-12-08T17:58:02","slug":"home-2","status":"publish","type":"page","link":"https:\/\/www.trmanagementsac.com\/inicio\/","title":{"rendered":"My front page"},"content":{"rendered":"\t\t<div data-elementor-type=\"wp-page\" data-elementor-id=\"615\" class=\"elementor elementor-615\">\n\t\t\t\t\t\t<section class=\"elementor-section elementor-top-section elementor-element elementor-element-0232e55 elementor-section-boxed elementor-section-height-default elementor-section-height-default\" data-id=\"0232e55\" data-element_type=\"section\" data-settings=\"{&quot;background_background&quot;:&quot;classic&quot;}\">\n\t\t\t\t\t\t<div class=\"elementor-container elementor-column-gap-default\">\n\t\t\t\t\t<div class=\"elementor-column elementor-col-100 elementor-top-column elementor-element elementor-element-2253cb9\" data-id=\"2253cb9\" data-element_type=\"column\">\n\t\t\t<div class=\"elementor-widget-wrap elementor-element-populated\">\n\t\t\t\t\t\t<div class=\"elementor-element elementor-element-d29d24f elementor-widget elementor-widget-heading\" data-id=\"d29d24f\" data-element_type=\"widget\" data-widget_type=\"heading.default\">\n\t\t\t\t<div class=\"elementor-widget-container\">\n\t\t\t\t\t<h1 class=\"elementor-heading-title elementor-size-default\">Nuestros Servicios<\/h1>\t\t\t\t<\/div>\n\t\t\t\t<\/div>\n\t\t\t\t<section class=\"elementor-section elementor-inner-section elementor-element elementor-element-5e671bc elementor-section-boxed elementor-section-height-default elementor-section-height-default\" data-id=\"5e671bc\" data-element_type=\"section\">\n\t\t\t\t\t\t<div class=\"elementor-container elementor-column-gap-default\">\n\t\t\t\t\t<div class=\"elementor-column elementor-col-50 elementor-inner-column elementor-element elementor-element-560a5ae\" data-id=\"560a5ae\" data-element_type=\"column\" data-settings=\"{&quot;background_background&quot;:&quot;classic&quot;}\">\n\t\t\t<div class=\"elementor-widget-wrap elementor-element-populated\">\n\t\t\t\t\t\t<div class=\"elementor-element elementor-element-1d85000 elementor-view-stacked elementor-shape-circle elementor-position-top elementor-mobile-position-top elementor-widget elementor-widget-icon-box\" data-id=\"1d85000\" data-element_type=\"widget\" data-widget_type=\"icon-box.default\">\n\t\t\t\t<div class=\"elementor-widget-container\">\n\t\t\t\t\t\t\t<div class=\"elementor-icon-box-wrapper\">\n\n\t\t\t\t\t\t<div class=\"elementor-icon-box-icon\">\n\t\t\t\t<a href=\"https:\/\/www.trmanagementsac.com\/inicio\/gestion-de-personas\/\" class=\"elementor-icon\" tabindex=\"-1\" aria-label=\"Gesti\u00f3n de Personas\">\n\t\t\t\t<i aria-hidden=\"true\" class=\"fas fa-user-friends\"><\/i>\t\t\t\t<\/a>\n\t\t\t<\/div>\n\t\t\t\n\t\t\t\t\t\t<div class=\"elementor-icon-box-content\">\n\n\t\t\t\t\t\t\t\t\t<h2 class=\"elementor-icon-box-title\">\n\t\t\t\t\t\t<a href=\"https:\/\/www.trmanagementsac.com\/inicio\/gestion-de-personas\/\" >\n\t\t\t\t\t\t\tGesti\u00f3n de Personas\t\t\t\t\t\t<\/a>\n\t\t\t\t\t<\/h2>\n\t\t\t\t\n\t\t\t\t\t\t\t\t\t<p class=\"elementor-icon-box-description\">\n\t\t\t\t\t\t\n\t\t\t\t\t<\/p>\n\t\t\t\t\n\t\t\t<\/div>\n\t\t\t\n\t\t<\/div>\n\t\t\t\t\t\t<\/div>\n\t\t\t\t<\/div>\n\t\t\t\t<div class=\"elementor-element elementor-element-f2d5963 elementor-widget elementor-widget-text-editor\" data-id=\"f2d5963\" data-element_type=\"widget\" data-widget_type=\"text-editor.default\">\n\t\t\t\t<div class=\"elementor-widget-container\">\n\t\t\t\t\t\t\t\t\t<p>Las empresas son organizaciones humanas complejas y cada una con un estilo de gesti\u00f3n particular al que las empresas proveedoras de servicios, debemos reconocer y adaptarnos de forma constante.<\/p>\n<p>&nbsp;Nos destaca nuestra capacidad de gesti\u00f3n del timing, orientaci\u00f3n a resultados y ofrecer un servicio de \u201cHunting Boutique\u201d a todo nivel y con condiciones negociables basadas en la confuanza,<\/p>\n<p>Otros servivios relacionados que ofrecemos son:<\/p>\n<ul>\n<li>RPO : Recruiting Process Outsorcing.<\/li>\n<li>Evaluaciones a todo nivel.<\/li>\n<li>Assessment Center para posiciones de mando medio y ejecutivas.<\/li>\n<li>Estudios de bandas salariales.<\/li>\n<li>Capacitaciones.<\/li>\n<\/ul>\t\t\t\t\t\t\t\t<\/div>\n\t\t\t\t<\/div>\n\t\t\t\t\t<\/div>\n\t\t<\/div>\n\t\t\t\t<div class=\"elementor-column elementor-col-50 elementor-inner-column elementor-element elementor-element-cf4b21c\" data-id=\"cf4b21c\" data-element_type=\"column\" data-settings=\"{&quot;background_background&quot;:&quot;classic&quot;}\">\n\t\t\t<div class=\"elementor-widget-wrap elementor-element-populated\">\n\t\t\t\t\t\t<div class=\"elementor-element elementor-element-0640204 elementor-view-stacked elementor-shape-circle elementor-position-top elementor-mobile-position-top elementor-widget elementor-widget-icon-box\" data-id=\"0640204\" data-element_type=\"widget\" data-widget_type=\"icon-box.default\">\n\t\t\t\t<div class=\"elementor-widget-container\">\n\t\t\t\t\t\t\t<div class=\"elementor-icon-box-wrapper\">\n\n\t\t\t\t\t\t<div class=\"elementor-icon-box-icon\">\n\t\t\t\t<a href=\"https:\/\/www.trmanagementsac.com\/inicio\/servicios-digitales\/\" class=\"elementor-icon\" tabindex=\"-1\" aria-label=\"Servicios Digitales\">\n\t\t\t\t<i aria-hidden=\"true\" class=\"fas fa-laptop\"><\/i>\t\t\t\t<\/a>\n\t\t\t<\/div>\n\t\t\t\n\t\t\t\t\t\t<div class=\"elementor-icon-box-content\">\n\n\t\t\t\t\t\t\t\t\t<h2 class=\"elementor-icon-box-title\">\n\t\t\t\t\t\t<a href=\"https:\/\/www.trmanagementsac.com\/inicio\/servicios-digitales\/\" >\n\t\t\t\t\t\t\tServicios Digitales\t\t\t\t\t\t<\/a>\n\t\t\t\t\t<\/h2>\n\t\t\t\t\n\t\t\t\t\n\t\t\t<\/div>\n\t\t\t\n\t\t<\/div>\n\t\t\t\t\t\t<\/div>\n\t\t\t\t<\/div>\n\t\t\t\t<div class=\"elementor-element elementor-element-7810bc7 elementor-widget elementor-widget-text-editor\" data-id=\"7810bc7\" data-element_type=\"widget\" data-widget_type=\"text-editor.default\">\n\t\t\t\t<div class=\"elementor-widget-container\">\n\t\t\t\t\t\t\t\t\t<p>Implementamos nuevas formas de trabajo a trav\u00e9s de la virtualizaci\u00f3n de procesos y sistematizaci\u00f3n de su informaci\u00f3n.<\/p><p>Algunos de nuestros principals servicios son:<\/p><ul><li>Desarrollo de plataformas y softwares de gesti\u00f3n en funci\u00f3n a sus requerimientos midiendo el alcance de sus proyectos, necesidad y presupuesto,<\/li><li>Desarrollo de ERPs, tales como sistemas de gestion comerciales, RRHH (integrales o por proceso specifico), plataformas de control admiistrativo, entre otros.<\/li><li>Desarrollo de sitios web a tu medida con Gestor de Contenidos totalmente administrables con WordPress o Programaci\u00f3n pura en Php, Javascript seg\u00fan requerimiento y necesidad.<\/li><\/ul>\t\t\t\t\t\t\t\t<\/div>\n\t\t\t\t<\/div>\n\t\t\t\t\t<\/div>\n\t\t<\/div>\n\t\t\t\t\t<\/div>\n\t\t<\/section>\n\t\t\t\t\t<\/div>\n\t\t<\/div>\n\t\t\t\t\t<\/div>\n\t\t<\/section>\n\t\t\t\t<section class=\"elementor-section elementor-top-section elementor-element elementor-element-2d93a0c elementor-section-stretched elementor-section-height-min-height elementor-section-boxed elementor-section-height-default elementor-section-items-middle\" data-id=\"2d93a0c\" data-element_type=\"section\" data-settings=\"{&quot;stretch_section&quot;:&quot;section-stretched&quot;,&quot;background_background&quot;:&quot;classic&quot;}\">\n\t\t\t\t\t\t<div class=\"elementor-container elementor-column-gap-default\">\n\t\t\t\t\t<div class=\"elementor-column elementor-col-100 elementor-top-column elementor-element elementor-element-5ead722\" data-id=\"5ead722\" data-element_type=\"column\">\n\t\t\t<div class=\"elementor-widget-wrap elementor-element-populated\">\n\t\t\t\t\t\t<div class=\"elementor-element elementor-element-4021013 elementor-invisible elementor-widget elementor-widget-heading\" data-id=\"4021013\" data-element_type=\"widget\" data-settings=\"{&quot;_animation&quot;:&quot;fadeInDown&quot;}\" data-widget_type=\"heading.default\">\n\t\t\t\t<div class=\"elementor-widget-container\">\n\t\t\t\t\t<h1 class=\"elementor-heading-title elementor-size-medium\">Somos una empresa dedicada a la consultor\u00eda y al asesoramiento t\u00e9cnico especializada en brindar servicio en los siguientes campos de acci\u00f3n: Gesti\u00f3n del Capital Humano y en la implementaci\u00f3n de Soluciones Digitales.<\/h1>\t\t\t\t<\/div>\n\t\t\t\t<\/div>\n\t\t\t\t\t<\/div>\n\t\t<\/div>\n\t\t\t\t\t<\/div>\n\t\t<\/section>\n\t\t\t\t<section class=\"elementor-section elementor-top-section elementor-element elementor-element-54abe65 elementor-section-boxed elementor-section-height-default elementor-section-height-default\" data-id=\"54abe65\" data-element_type=\"section\">\n\t\t\t\t\t\t<div class=\"elementor-container elementor-column-gap-default\">\n\t\t\t\t\t<div class=\"elementor-column elementor-col-100 elementor-top-column elementor-element elementor-element-a871866\" data-id=\"a871866\" data-element_type=\"column\">\n\t\t\t<div class=\"elementor-widget-wrap elementor-element-populated\">\n\t\t\t\t\t\t<div class=\"elementor-element elementor-element-fa30165 elementor-widget elementor-widget-heading\" data-id=\"fa30165\" data-element_type=\"widget\" data-widget_type=\"heading.default\">\n\t\t\t\t<div class=\"elementor-widget-container\">\n\t\t\t\t\t<h1 class=\"elementor-heading-title elementor-size-default\">Articulos Destacados<\/h1>\t\t\t\t<\/div>\n\t\t\t\t<\/div>\n\t\t\t\t<div class=\"elementor-element elementor-element-ff4c8f1 latest_news elementor-widget elementor-widget-athemes-posts\" data-id=\"ff4c8f1\" data-element_type=\"widget\" data-widget_type=\"athemes-posts.default\">\n\t\t\t\t<div class=\"elementor-widget-container\">\n\t\t\t\t\t\n\t\t<div class=\"panel-grid-cell\">\t\t\t<div class=\"latest-news-wrapper carousel owl-carousel row style1\">\n\t\t\t\t\t\t\t<div class=\"blog-post col-md-12\">\n\t\t\t\t\t\t\t\t\t<div class=\"entry-thumb\">\n\t\t\t\t\t\t<a href=\"https:\/\/www.trmanagementsac.com\/inicio\/productivo-trabajo-remoto\/\" title=\"\u00bfC\u00f3mo ser m\u00e1s productivo en el trabajo remoto?\">\n\t\t\t\t\t\t\t<img fetchpriority=\"high\" decoding=\"async\" width=\"1800\" height=\"800\" src=\"https:\/\/www.trmanagementsac.com\/inicio\/wp-content\/uploads\/2020\/10\/articulo4.jpg\" class=\"attachment-medium-thumb size-medium-thumb wp-post-image\" alt=\"Productividad laboral\" srcset=\"https:\/\/www.trmanagementsac.com\/inicio\/wp-content\/uploads\/2020\/10\/articulo4.jpg 1800w, https:\/\/www.trmanagementsac.com\/inicio\/wp-content\/uploads\/2020\/10\/articulo4-400x178.jpg 400w, https:\/\/www.trmanagementsac.com\/inicio\/wp-content\/uploads\/2020\/10\/articulo4-1024x455.jpg 1024w, https:\/\/www.trmanagementsac.com\/inicio\/wp-content\/uploads\/2020\/10\/articulo4-768x341.jpg 768w, https:\/\/www.trmanagementsac.com\/inicio\/wp-content\/uploads\/2020\/10\/articulo4-1536x683.jpg 1536w\" sizes=\"(max-width: 1800px) 100vw, 1800px\" \/>\t\t\t\t\t\t<\/a>\t\t\t\n\t\t\t\t\t<\/div>\t\n\t\t\t\t\t\t\t\t\t\t\n\t\t\t\t\t\t\t\t\t<div class=\"entry-meta delimiter-dot\">\n\t\t\t\t\t\t\t\t\t\t\t\t\t\t\t\t\n\t\t\t\t\t<\/div>\n\t\t\t\t\t\t\t\t<h4 class=\"entry-title\"><a href=\"https:\/\/www.trmanagementsac.com\/inicio\/productivo-trabajo-remoto\/\" rel=\"bookmark\">\u00bfC\u00f3mo ser m\u00e1s productivo en el trabajo remoto?<\/a><\/h4>\t\t\t\t\t<div class=\"entry-summary\">\n\t\t\t\t\t<p>Actualmente estamos viviendo tiempos dif\u00edciles debido a la pandemia del Covid-19. Sin embargo, esto no es ninguna excusa para detenernos, sino para [&hellip;]<\/p>\n<\/div>\n\t\t\t\t<\/div>\n\t\t\t\t\t\t\t<div class=\"blog-post col-md-12\">\n\t\t\t\t\t\t\t\t\t<div class=\"entry-thumb\">\n\t\t\t\t\t\t<a href=\"https:\/\/www.trmanagementsac.com\/inicio\/recolocarnos-laboralmente\/\" title=\"\u00bfC\u00f3mo nos enfrentamos a la p\u00e9rdida de un empleo y recolocarnos laboralmente? \u00bfBasta s\u00f3lo con buscar?\">\n\t\t\t\t\t\t\t<img decoding=\"async\" width=\"899\" height=\"399\" src=\"https:\/\/www.trmanagementsac.com\/inicio\/wp-content\/uploads\/2017\/04\/Perdidaempleo-e1639063538936.png\" class=\"attachment-medium-thumb size-medium-thumb wp-post-image\" alt=\"\" srcset=\"https:\/\/www.trmanagementsac.com\/inicio\/wp-content\/uploads\/2017\/04\/Perdidaempleo-e1639063538936.png 899w, https:\/\/www.trmanagementsac.com\/inicio\/wp-content\/uploads\/2017\/04\/Perdidaempleo-e1639063538936-400x178.png 400w, https:\/\/www.trmanagementsac.com\/inicio\/wp-content\/uploads\/2017\/04\/Perdidaempleo-e1639063538936-768x341.png 768w, https:\/\/www.trmanagementsac.com\/inicio\/wp-content\/uploads\/2017\/04\/Perdidaempleo-e1639063538936-230x102.png 230w, https:\/\/www.trmanagementsac.com\/inicio\/wp-content\/uploads\/2017\/04\/Perdidaempleo-e1639063538936-350x155.png 350w, https:\/\/www.trmanagementsac.com\/inicio\/wp-content\/uploads\/2017\/04\/Perdidaempleo-e1639063538936-480x213.png 480w\" sizes=\"(max-width: 899px) 100vw, 899px\" \/>\t\t\t\t\t\t<\/a>\t\t\t\n\t\t\t\t\t<\/div>\t\n\t\t\t\t\t\t\t\t\t\t\n\t\t\t\t\t\t\t\t\t<div class=\"entry-meta delimiter-dot\">\n\t\t\t\t\t\t\t\t\t\t\t\t\t\t\t\t\n\t\t\t\t\t<\/div>\n\t\t\t\t\t\t\t\t<h4 class=\"entry-title\"><a href=\"https:\/\/www.trmanagementsac.com\/inicio\/recolocarnos-laboralmente\/\" rel=\"bookmark\">\u00bfC\u00f3mo nos enfrentamos a la p\u00e9rdida de un empleo y recolocarnos laboralmente? \u00bfBasta s\u00f3lo con buscar?<\/a><\/h4>\t\t\t\t\t<div class=\"entry-summary\">\n\t\t\t\t\t<p>En muchas ocasiones, m\u00e1s all\u00e1 de contar con una carrera profesional terminada, tal vez alguna especializaci\u00f3n de postgrado, o incluso con un Mag\u00edster; podr\u00edamos encontrarnos en la dif\u00edcil situaci\u00f3n de perder un empleo. Esto puede darse debido a diversas circunstancias que responden al entorno econ\u00f3mico, situaci\u00f3n que atraviesa la empresa, un t\u00e9rmino de&#8230; <a href='https:\/\/www.trmanagementsac.com\/inicio\/2017\/04\/27\/como-nos-enfrentamos-a-la-perdida-de-un-empleo-y-recolocarnos-laboralmente-basta-solo-con-buscar\/'>ver m\u00e1s<\/a><\/p>\n<\/div>\n\t\t\t\t<\/div>\n\t\t\t\t\t\t\t<div class=\"blog-post col-md-12\">\n\t\t\t\t\t\t\t\t\t<div class=\"entry-thumb\">\n\t\t\t\t\t\t<a href=\"https:\/\/www.trmanagementsac.com\/inicio\/neuromarketing\/\" title=\"Neuromarketing aplicado al trabajo: \u00bfC\u00f3mo emplearlo para ser m\u00e1s atractivos laboralmente?\">\n\t\t\t\t\t\t\t<img decoding=\"async\" width=\"1800\" height=\"800\" src=\"https:\/\/www.trmanagementsac.com\/inicio\/wp-content\/uploads\/2017\/04\/articulo1.jpg\" class=\"attachment-medium-thumb size-medium-thumb wp-post-image\" alt=\"Neuromarketing\" srcset=\"https:\/\/www.trmanagementsac.com\/inicio\/wp-content\/uploads\/2017\/04\/articulo1.jpg 1800w, https:\/\/www.trmanagementsac.com\/inicio\/wp-content\/uploads\/2017\/04\/articulo1-400x178.jpg 400w, https:\/\/www.trmanagementsac.com\/inicio\/wp-content\/uploads\/2017\/04\/articulo1-1024x455.jpg 1024w, https:\/\/www.trmanagementsac.com\/inicio\/wp-content\/uploads\/2017\/04\/articulo1-768x341.jpg 768w, https:\/\/www.trmanagementsac.com\/inicio\/wp-content\/uploads\/2017\/04\/articulo1-1536x683.jpg 1536w\" sizes=\"(max-width: 1800px) 100vw, 1800px\" \/>\t\t\t\t\t\t<\/a>\t\t\t\n\t\t\t\t\t<\/div>\t\n\t\t\t\t\t\t\t\t\t\t\n\t\t\t\t\t\t\t\t\t<div class=\"entry-meta delimiter-dot\">\n\t\t\t\t\t\t\t\t\t\t\t\t\t\t\t\t\n\t\t\t\t\t<\/div>\n\t\t\t\t\t\t\t\t<h4 class=\"entry-title\"><a href=\"https:\/\/www.trmanagementsac.com\/inicio\/neuromarketing\/\" rel=\"bookmark\">Neuromarketing aplicado al trabajo: \u00bfC\u00f3mo emplearlo para ser m\u00e1s atractivos laboralmente?<\/a><\/h4>\t\t\t\t\t<div class=\"entry-summary\">\n\t\t\t\t\t<p>\u00bfQu\u00e9 hacer cuando la vocaci\u00f3n y el talento no son suficientes? Encontrar patrones nuevos y valorizar adecuadamente nuestros esfuerzos, a fin de no chocar contra una misma pared. \u00bfQu\u00e9 tan dif\u00edcil es lograr ello? En mi opini\u00f3n, todo depende de ser conscientes de nuestros paradigmas y asociar el concepto de Neuromarketing nos podr\u00eda dar una visi\u00f3n distinta para&#8230; <a href='https:\/\/www.trmanagementsac.com\/inicio\/2017\/04\/26\/neuromarketing-aplicado-al-trabajo-como-emplearlo-para-ser-mas-atractivos-laboralmente\/'>ver m\u00e1s<\/a><\/p>\n<\/div>\n\t\t\t\t<\/div>\n\t\t\t\t\t\t<\/div>\n\t\t<\/div>\n\n\t\t\t\t\t\t\t\t\t\t\t\t<a href=\"https:\/\/www.trmanagementsac.com\/inicio\/category\/empleos\/\" class=\"roll-button more-button\">ver todo<\/a>\n\t\t\t\t\n\t\t\t\n\t\t\n\t\t\t\t\t\t<\/div>\n\t\t\t\t<\/div>\n\t\t\t\t\t<\/div>\n\t\t<\/div>\n\t\t\t\t\t<\/div>\n\t\t<\/section>\n\t\t\t\t<section class=\"elementor-section elementor-top-section elementor-element elementor-element-856bf8a elementor-section-stretched elementor-section-height-min-height elementor-section-boxed elementor-section-height-default elementor-section-items-middle\" data-id=\"856bf8a\" data-element_type=\"section\" data-settings=\"{&quot;stretch_section&quot;:&quot;section-stretched&quot;,&quot;background_background&quot;:&quot;classic&quot;}\">\n\t\t\t\t\t\t<div class=\"elementor-container elementor-column-gap-default\">\n\t\t\t\t\t<div class=\"elementor-column elementor-col-100 elementor-top-column elementor-element elementor-element-b7c8262\" data-id=\"b7c8262\" data-element_type=\"column\">\n\t\t\t<div class=\"elementor-widget-wrap\">\n\t\t\t\t\t\t\t<\/div>\n\t\t<\/div>\n\t\t\t\t\t<\/div>\n\t\t<\/section>\n\t\t\t\t<section class=\"elementor-section elementor-top-section elementor-element elementor-element-2c063dc elementor-section-boxed elementor-section-height-default elementor-section-height-default\" data-id=\"2c063dc\" data-element_type=\"section\">\n\t\t\t\t\t\t<div class=\"elementor-container elementor-column-gap-default\">\n\t\t\t\t\t<div class=\"elementor-column elementor-col-100 elementor-top-column elementor-element elementor-element-0073543\" data-id=\"0073543\" data-element_type=\"column\">\n\t\t\t<div class=\"elementor-widget-wrap\">\n\t\t\t\t\t\t\t<\/div>\n\t\t<\/div>\n\t\t\t\t\t<\/div>\n\t\t<\/section>\n\t\t\t\t<\/div>\n\t\t","protected":false},"excerpt":{"rendered":"<p>Nuestros Servicios Gesti\u00f3n de Personas Las empresas son organizaciones humanas complejas y cada una con un estilo de gesti\u00f3n particular al que [&hellip;]<\/p>\n","protected":false},"author":1,"featured_media":0,"parent":0,"menu_order":0,"comment_status":"closed","ping_status":"closed","template":"page-templates\/page_front-page.php","meta":{"footnotes":""},"class_list":["post-615","page","type-page","status-publish","hentry"],"_links":{"self":[{"href":"https:\/\/www.trmanagementsac.com\/inicio\/wp-json\/wp\/v2\/pages\/615","targetHints":{"allow":["GET"]}}],"collection":[{"href":"https:\/\/www.trmanagementsac.com\/inicio\/wp-json\/wp\/v2\/pages"}],"about":[{"href":"https:\/\/www.trmanagementsac.com\/inicio\/wp-json\/wp\/v2\/types\/page"}],"author":[{"embeddable":true,"href":"https:\/\/www.trmanagementsac.com\/inicio\/wp-json\/wp\/v2\/users\/1"}],"replies":[{"embeddable":true,"href":"https:\/\/www.trmanagementsac.com\/inicio\/wp-json\/wp\/v2\/comments?post=615"}],"version-history":[{"count":94,"href":"https:\/\/www.trmanagementsac.com\/inicio\/wp-json\/wp\/v2\/pages\/615\/revisions"}],"predecessor-version":[{"id":1081,"href":"https:\/\/www.trmanagementsac.com\/inicio\/wp-json\/wp\/v2\/pages\/615\/revisions\/1081"}],"wp:attachment":[{"href":"https:\/\/www.trmanagementsac.com\/inicio\/wp-json\/wp\/v2\/media?parent=615"}],"curies":[{"name":"wp","href":"https:\/\/api.w.org\/{rel}","templated":true}]}}